{"id":9,"date":"2016-11-14T09:07:45","date_gmt":"2016-11-14T08:07:45","guid":{"rendered":"http:\/\/www.kiefer-lerch.de\/?page_id=9"},"modified":"2019-09-19T17:52:09","modified_gmt":"2019-09-19T15:52:09","slug":"impressum","status":"publish","type":"page","link":"https:\/\/www.kiefer-lerch.de\/en\/impressum\/","title":{"rendered":"Impressum"},"content":{"rendered":"<p><\/p>\n<div class=\"impressum\">\n<p>Angaben gem\u00e4\u00df \u00a7 5 TMG<\/p>\n<p>Diese Webseite ist ein rein privates, nicht kommerziell erstelltes Internet-Projekt. Die Seite bietet postum Informationen, Ausstellungstermine und Einblicke in die Arbeiten des Malers G\u00fcnter Kiefer Lerch (Benno).<\/p>\n<p>Verantwortlich f\u00fcr den Inhalt:<\/p>\n<p>&nbsp;<\/p>\n<p>Martina St\u00fcbner<br \/>\nStra\u00dfe zur Siedlung 5<br \/>\n14669 Etzin<\/p>\n<p><strong>Kontakt:<\/strong><\/p>\n<p>E-Mail:\u00a0kontakt@kiefer-lerch.de<\/p>\n<div style=\"width: 200px; border: 1px solid #eee;\">\n<p><a href=\"http:\/\/onlinestreet.de\/\"><img decoding=\"async\" loading=\"lazy\" src=\"http:\/\/onlinestreet.de\/img\/v3\/logo-200x30.gif\" alt=\"onlinestreet.de\" width=\"200\" height=\"30\" border=\"0\" \/><\/a><\/p>\n<p style=\"padding: 5px;\">Redaktionell ausgew\u00e4hlte Webseiten zum Thema:<br \/>\n<a href=\"http:\/\/onlinestreet.de\/Kultur\/Kunstgeschichte\/K%C3%83%C2%BCnstler\/K.html\">K\u00fcnstler \u00bb K<\/a><\/p>\n<\/div>\n<p><strong>Haftungsausschluss:<\/strong><\/p>\n<p><strong>Haftung f\u00fcr Inhalte<\/strong><\/p>\n<p>Die Inhalte unserer Seiten wurden mit gr\u00f6\u00dfter Sorgfalt erstellt. F\u00fcr die Richtigkeit, Vollst\u00e4ndigkeit und Aktualit\u00e4t der Inhalte k\u00f6nnen wir jedoch keine Gew\u00e4hr \u00fcbernehmen. Als Diensteanbieter sind wir gem\u00e4\u00df \u00a7 7 Abs.1 TMG f\u00fcr eigene Inhalte auf diesen Seiten nach den allgemeinen Gesetzen verantwortlich. Nach \u00a7\u00a7 8 bis 10 TMG sind wir als Diensteanbieter jedoch nicht verpflichtet, \u00fcbermittelte oder gespeicherte fremde Informationen zu \u00fcberwachen oder nach Umst\u00e4nden zu forschen, die auf eine rechtswidrige T\u00e4tigkeit hinweisen. Verpflichtungen zur Entfernung oder Sperrung der Nutzung von Informationen nach den allgemeinen Gesetzen bleiben hiervon unber\u00fchrt. Eine diesbez\u00fcgliche Haftung ist jedoch erst ab dem Zeitpunkt der Kenntnis einer konkreten Rechtsverletzung m\u00f6glich. Bei Bekanntwerden von entsprechenden Rechtsverletzungen werden wir diese Inhalte umgehend entfernen.<\/p>\n<p><strong>Haftung f\u00fcr Links<\/strong><\/p>\n<p>Unser Angebot enth\u00e4lt Links zu externen Webseiten Dritter, auf deren Inhalte wir keinen Einfluss haben. Deshalb k\u00f6nnen wir f\u00fcr diese fremden Inhalte auch keine Gew\u00e4hr \u00fcbernehmen. F\u00fcr die Inhalte der verlinkten Seiten ist stets der jeweilige Anbieter oder Betreiber der Seiten verantwortlich. Die verlinkten Seiten wurden zum Zeitpunkt der Verlinkung auf m\u00f6gliche Rechtsverst\u00f6\u00dfe \u00fcberpr\u00fcft. Rechtswidrige Inhalte waren zum Zeitpunkt der Verlinkung nicht erkennbar. Eine permanente inhaltliche Kontrolle der verlinkten Seiten ist jedoch ohne konkrete Anhaltspunkte einer Rechtsverletzung nicht zumutbar. Bei Bekanntwerden von Rechtsverletzungen werden wir derartige Links umgehend entfernen.<\/p>\n<p><strong>Urheberrecht<\/strong><\/p>\n<p>Die durch die Seitenbetreiber erstellten Inhalte und Werke auf diesen Seiten unterliegen dem deutschen Urheberrecht. Die Vervielf\u00e4ltigung, Bearbeitung, Verbreitung und jede Art der Verwertung au\u00dferhalb der Grenzen des Urheberrechtes bed\u00fcrfen der schriftlichen Zustimmung des jeweiligen Autors bzw. Erstellers. Downloads und Kopien dieser Seite sind nur f\u00fcr den privaten, nicht kommerziellen Gebrauch gestattet. Soweit die Inhalte auf dieser Seite nicht vom Betreiber erstellt wurden, werden die Urheberrechte Dritter beachtet. Insbesondere werden Inhalte Dritter als solche gekennzeichnet. Sollten Sie trotzdem auf eine Urheberrechtsverletzung aufmerksam werden, bitten wir um einen entsprechenden Hinweis. Bei Bekanntwerden von Rechtsverletzungen werden wir derartige Inhalte umgehend entfernen.<\/p>\n<p>Fotonachweise:<\/p>\n<\/div>\n<p>eigene Quellen<\/p>\n<p>Alle Bilder auf dieser Seite unterliegen dem deutschen\u00a0Urheberrecht. Jegliche Nutzung oder Verwendung ohne Einverst\u00e4ndnis ist verboten.<\/p>\n<p>Wichtiger Hinweis:<\/p>\n<p>Wir haben die Webseite unter besten Wissen erstellt. Wenn Sie die Vermutung haben, dass von unserer Seite Pflichten, Schutzrechte oder Pers\u00f6nlichkeitsrechte verletzt werden, bitten wir Sie, uns dies unter kontakt(at)antje-schulz.de\u00a0mitzuteilen, damit wir den Sachverhalt umgehend kl\u00e4ren k\u00f6nnen und gegebenfalls sofort Abhilfe schaffen k\u00f6nnen.<\/p>\n<p>Sollte irgendwelcher Inhalt oder die designtechnische Gestaltung einzelner Seiten oder Teile dieses Onlineportals fremde Rechte Dritter oder gesetzliche Bestimmungen verletzen oder anderweitig in irgendeiner Form wettbewerbsrechtliche Probleme hervorbringen, so bitten wir unter Berufung auf \u00a7 8 Abs. 4 UWG, um eine angemessene, ausreichend erl\u00e4uternde und schnelle Nachricht ohne Kostennote.<\/p>\n<p>Wir garantieren, dass die zu Recht beanstandeten Passagen oder Teile dieser Webseiten in angemessener Frist entfernt, bzw. den rechtlichen Vorgaben umf\u00e4nglich angepasst werden, ohne dass die Einschaltung eines Rechtsanwaltes erforderlich w\u00e4re. Die Einschaltung eines Anwaltes, zur f\u00fcr den Diensteanbieter kostenpflichtigen Abmahnung, entspricht nicht dessen wirklichen und mutma\u00dflichen Willen und w\u00fcrde damit einen Versto\u00df gegen den \u00a7 13 Abs. 5 UWG, wegen der Verfolgung sachfremder Ziele als beherrschendes Motiv der Verfahrenseinleitung, insbesondere einer Kostenerzielungsabsicht als eigentliche Triebfeder, sowie einen Versto\u00df gegen die Schadensminderungspflicht darstellen.<\/p>","protected":false},"excerpt":{"rendered":"<p>Angaben gem\u00e4\u00df \u00a7 5 TMG Diese Webseite ist ein rein privates, nicht kommerziell erstelltes Internet-Projekt. Die Seite bietet postum Informationen, Ausstellungstermine und Einblicke in die Arbeiten des Malers G\u00fcnter Kiefer Lerch (Benno). Verantwortlich f\u00fcr den Inhalt: &nbsp; Martina St\u00fcbner Stra\u00dfe zur Siedlung 5 14669 Etzin Kontakt: E-Mail:\u00a0kontakt@kiefer-lerch.de Redaktionell ausgew\u00e4hlte Webseiten zum Thema: K\u00fcnstler \u00bb K [&hellip;]<\/p>\n","protected":false},"author":1,"featured_media":0,"parent":0,"menu_order":0,"comment_status":"closed","ping_status":"closed","template":"","meta":[],"_links":{"self":[{"href":"https:\/\/www.kiefer-lerch.de\/en\/wp-json\/wp\/v2\/pages\/9"}],"collection":[{"href":"https:\/\/www.kiefer-lerch.de\/en\/wp-json\/wp\/v2\/pages"}],"about":[{"href":"https:\/\/www.kiefer-lerch.de\/en\/wp-json\/wp\/v2\/types\/page"}],"author":[{"embeddable":true,"href":"https:\/\/www.kiefer-lerch.de\/en\/wp-json\/wp\/v2\/users\/1"}],"replies":[{"embeddable":true,"href":"https:\/\/www.kiefer-lerch.de\/en\/wp-json\/wp\/v2\/comments?post=9"}],"version-history":[{"count":11,"href":"https:\/\/www.kiefer-lerch.de\/en\/wp-json\/wp\/v2\/pages\/9\/revisions"}],"predecessor-version":[{"id":298,"href":"https:\/\/www.kiefer-lerch.de\/en\/wp-json\/wp\/v2\/pages\/9\/revisions\/298"}],"wp:attachment":[{"href":"https:\/\/www.kiefer-lerch.de\/en\/wp-json\/wp\/v2\/media?parent=9"}],"curies":[{"name":"wp","href":"https:\/\/api.w.org\/{rel}","templated":true}]}}